{"id":1370,"date":"2024-09-30T08:14:30","date_gmt":"2024-09-30T08:14:30","guid":{"rendered":"https:\/\/nazmiakpinarhizmet.com.tr\/?page_id=1370"},"modified":"2024-10-02T06:58:11","modified_gmt":"2024-10-02T06:58:11","slug":"ise-alim-ve-yerlestirme","status":"publish","type":"page","link":"https:\/\/nazmiakpinarhizmet.com.tr\/?page_id=1370","title":{"rendered":"\u0130\u015fe Al\u0131m Ve Yerle\u015ftirme"},"content":{"rendered":"\t\t<div data-elementor-type=\"wp-page\" data-elementor-id=\"1370\" class=\"elementor elementor-1370\" data-elementor-post-type=\"page\">\n\t\t\t\t<div class=\"elementor-element elementor-element-5f2d932 e-flex e-con-boxed e-con e-parent\" data-id=\"5f2d932\" data-element_type=\"container\">\n\t\t\t\t\t<div class=\"e-con-inner\">\n\t\t\t\t<div class=\"elementor-element elementor-element-7c30136 elementor-widget elementor-widget-text-editor\" data-id=\"7c30136\" data-element_type=\"widget\" data-widget_type=\"text-editor.default\">\n\t\t\t\t<div class=\"elementor-widget-container\">\n\t\t\t\t\t\t\t<h1 class=\"baslik1solsag\">\u0130\u015fe Al\u0131m Ve Yerle\u015ftirme<\/h1><div class=\"orta-kutu-sol-sag orta-kutu-sol-sag-icerik\"><ul><li><span>\u0130\u015fe al\u0131m politikas\u0131; kurumun ihtiya\u00e7lar\u0131 ve mevcut kadronun do\u011frultusunda ger\u00e7ekle\u015ftirilen m\u00fclakatlar sonunda, kariyeri ile ba\u015fvurdu\u011fu pozisyonu \u00f6rt\u00fc\u015fen en uygun aday\u0131 se\u00e7mek olarak \u00f6zetlenebilir.<\/span><\/li><li><span>\u015eirketimizde\u00a0istihdam edilecek personel i\u00e7in i\u015fe al\u0131m ve yerle\u015ftirme faaliyetlerimiz, a\u00e7\u0131k pozisyonlara ait belirlenen nitelikler, g\u00f6rev tan\u0131mlar\u0131 ve al\u0131nacak personelin kariyeri \u00e7er\u00e7evesinde yap\u0131lmaktad\u0131r.<\/span><\/li><li><span>A\u00e7\u0131k pozisyonlar i\u00e7in internet ortam\u0131nda veya bas\u0131n kanal\u0131 ile yapt\u0131\u011f\u0131m\u0131z duyurular\u0131m\u0131z sonras\u0131nda grubumuza gelen ba\u015fvurular; g\u00f6rev tan\u0131m\u0131, nitelik ve kariyer durumuna g\u00f6re de\u011ferlendirilmektedir.<\/span><\/li><li><span>Genel ba\u015fvuru ilan\u0131m\u0131za g\u00f6nderilen \u00f6zge\u00e7mi\u015fler, ileride olu\u015fabilecek pozisyonlar\u0131n t\u00fcm\u00fc i\u00e7in \u00f6n de\u011ferlendirmeye al\u0131n\u0131r. Ancak, sitemizde yay\u0131nlanan genel ba\u015fvuru d\u0131\u015f\u0131ndaki ilanlar\u0131m\u0131za online ba\u015fvuruda bulunanlar\u0131n \u00f6zge\u00e7mi\u015fleri, ba\u015fvurulan pozisyon i\u00e7in de\u011ferlendirilir.<\/span><\/li><li><span>Genel olarak, \u015firket i\u015fe al\u0131m politikas\u0131 do\u011frultusunda a\u00e7\u0131k\u00a0pozisyonlar i\u00e7in \u00f6ncelikle aday veri taban\u0131 \u00fczerinden ilk de\u011ferlendirmeler yap\u0131l\u0131p \u00f6n elemeler ger\u00e7ekle\u015ftirilir.<\/span><\/li><li><span>\u0130lgili pozisyona uygun oldu\u011fu d\u00fc\u015f\u00fcn\u00fclen adaylar m\u00fclakata davet edilir. G\u00f6r\u00fc\u015fmelerimiz farkl\u0131 a\u015famalarda olup<strong>,\u00a0<\/strong>teknik i\u00e7erikli kadrolarda bilgi \u00f6l\u00e7me yan\u0131nda uygulama safhalar\u0131 da yer almaktad\u0131r. M\u00fclakat sonucu, adaylara olumlu veya olumsuz olarak bildirilir.<\/span><\/li><\/ul><\/div>\t\t\t\t\t\t<\/div>\n\t\t\t\t<\/div>\n\t\t\t\t\t<\/div>\n\t\t\t\t<\/div>\n\t\t\t\t<\/div>\n\t\t","protected":false},"excerpt":{"rendered":"<p>\u0130\u015fe Al\u0131m Ve Yerle\u015ftirme \u0130\u015fe al\u0131m politikas\u0131; kurumun ihtiya\u00e7lar\u0131 ve mevcut kadronun do\u011frultusunda ger\u00e7ekle\u015ftirilen m\u00fclakatlar sonunda, kariyeri ile ba\u015fvurdu\u011fu pozisyonu \u00f6rt\u00fc\u015fen en uygun aday\u0131 se\u00e7mek olarak \u00f6zetlenebilir. \u015eirketimizde\u00a0istihdam edilecek personel i\u00e7in i\u015fe al\u0131m ve yerle\u015ftirme faaliyetlerimiz, a\u00e7\u0131k pozisyonlara ait belirlenen nitelikler, g\u00f6rev tan\u0131mlar\u0131 ve al\u0131nacak personelin kariyeri \u00e7er\u00e7evesinde yap\u0131lmaktad\u0131r. A\u00e7\u0131k [&hellip;]<\/p>\n","protected":false},"author":1,"featured_media":0,"parent":0,"menu_order":0,"comment_status":"closed","ping_status":"closed","template":"","meta":{"footnotes":""},"class_list":["post-1370","page","type-page","status-publish","hentry"],"_links":{"self":[{"href":"https:\/\/nazmiakpinarhizmet.com.tr\/index.php?rest_route=\/wp\/v2\/pages\/1370","targetHints":{"allow":["GET"]}}],"collection":[{"href":"https:\/\/nazmiakpinarhizmet.com.tr\/index.php?rest_route=\/wp\/v2\/pages"}],"about":[{"href":"https:\/\/nazmiakpinarhizmet.com.tr\/index.php?rest_route=\/wp\/v2\/types\/page"}],"author":[{"embeddable":true,"href":"https:\/\/nazmiakpinarhizmet.com.tr\/index.php?rest_route=\/wp\/v2\/users\/1"}],"replies":[{"embeddable":true,"href":"https:\/\/nazmiakpinarhizmet.com.tr\/index.php?rest_route=%2Fwp%2Fv2%2Fcomments&post=1370"}],"version-history":[{"count":4,"href":"https:\/\/nazmiakpinarhizmet.com.tr\/index.php?rest_route=\/wp\/v2\/pages\/1370\/revisions"}],"predecessor-version":[{"id":1567,"href":"https:\/\/nazmiakpinarhizmet.com.tr\/index.php?rest_route=\/wp\/v2\/pages\/1370\/revisions\/1567"}],"wp:attachment":[{"href":"https:\/\/nazmiakpinarhizmet.com.tr\/index.php?rest_route=%2Fwp%2Fv2%2Fmedia&parent=1370"}],"curies":[{"name":"wp","href":"https:\/\/api.w.org\/{rel}","templated":true}]}}