{"id":1908,"date":"2024-10-15T14:41:46","date_gmt":"2024-10-15T14:41:46","guid":{"rendered":"https:\/\/nazmiakpinarhizmet.com.tr\/?page_id=1908"},"modified":"2024-10-15T15:19:24","modified_gmt":"2024-10-15T15:19:24","slug":"faaliyet-alanlarimiz-2","status":"publish","type":"page","link":"https:\/\/nazmiakpinarhizmet.com.tr\/?page_id=1908","title":{"rendered":"Faaliyet Alanlar\u0131m\u0131z"},"content":{"rendered":"\t\t<div data-elementor-type=\"wp-page\" data-elementor-id=\"1908\" class=\"elementor elementor-1908\" data-elementor-post-type=\"page\">\n\t\t\t\t<div class=\"elementor-element elementor-element-b3e3931 e-flex e-con-boxed e-con e-parent\" data-id=\"b3e3931\" data-element_type=\"container\">\n\t\t\t\t\t<div class=\"e-con-inner\">\n\t\t\t\t<div class=\"elementor-element elementor-element-a29a629 elementor-widget elementor-widget-text-editor\" data-id=\"a29a629\" data-element_type=\"widget\" data-widget_type=\"text-editor.default\">\n\t\t\t\t<div class=\"elementor-widget-container\">\n\t\t\t\t\t\t\t<p><span><strong>Nazmi Akp\u0131nar Hizmet ve \u0130n\u015faat,\u00a0<\/strong>ger\u00e7ekle\u015ftirdi\u011fi ya\u015fam \u00e7evrelerinde, \u00e7evre kalitesinin korunmas\u0131n\u0131 ve geli\u015ftirilmesini \u00f6nemsiyor. Grubun\u00a0kurdu\u011fu t\u00fcm yerle\u015fimlerin, bina ve sitelerin kentsel ihtiya\u00e7lar\u0131n\u0131 kar\u015f\u0131lamak i\u00e7in kurulmu\u015ftur.<\/span><\/p><p><span><strong>Nazmi Akp\u0131nar Hizmet ve \u0130n\u015faat<\/strong>, bir kentin t\u00fcm alanlarda ihtiya\u00e7 duydu\u011fu hizmetleri kar\u015f\u0131lamak amac\u0131yla kurulmu\u015f, altyap\u0131dan temizlik ve sa\u011fl\u0131k hizmetine, sosyal ya\u015fam alanlar\u0131 olu\u015fturmadan ya\u015fam ihtiya\u00e7lar\u0131n\u0131 kar\u015f\u0131lamaya kadar her konuda ya\u015fam\u0131n\u0131z\u0131 kolayla\u015ft\u0131rmaya \u00e7al\u0131\u015fmaktad\u0131r. G\u00fcvenlik hizmetlerini de kar\u015f\u0131layan\u00a0<strong>Nazmi Akp\u0131nar Hizmet ve \u0130n\u015faat<\/strong>, g\u00f6rev yapt\u0131\u011f\u0131 t\u00fcm alanlarda beklentileri en \u00fcst seviyede kar\u015f\u0131lamaya \u00f6zen g\u00f6stermektedir.<\/span><\/p><p><span>\u00a0<\/span><\/p><p><span><strong>Nazmi Akp\u0131nar Hizmet ve \u0130n\u015faat<\/strong>,\u00a0<strong>Akp\u0131nar Sanayi B\u00f6lgesinin\u00a0<\/strong>ya\u015fam kalitesini y\u00fckseltecek; al\u0131\u015f veri\u015f merkezleri, ticaret merkezleri, \u015fehir kul\u00fcb\u00fc<strong>,\u00a0<\/strong>toplant\u0131 salonlar\u0131, sinemas\u0131, bankalar\u0131, marketleri, parklar\u0131, ye\u015fil alanlar\u0131, \u00e7ay bah\u00e7eleri, restoranlar\u0131, kafeteryalar\u0131, havuzlar\u0131, hal\u0131 sahalar\u0131, \u00e7ocuk oyun alanlar\u0131, 1000 ki\u015fi kapasiteli ve lojman\u0131 bulunan camisi, helikopter pisti, t\u0131r park\u0131 ve ara\u00e7 otoparklar\u0131, y\u00fcr\u00fcy\u00fc\u015f yollar\u0131 ve ye\u015fil alanlar\u0131n projelerini olu\u015fturarak yap\u0131m\u0131n\u0131 s\u00fcrd\u00fcrmektedir.<\/span><\/p><p><span>\u00a0<\/span><\/p><p><span>Bu kapsamda \u015firketimiz;<\/span><\/p><ul><li><span>\u00d6rnek ve sorunsuz bir sanayi b\u00f6lgesinin kurulmas\u0131na \u00f6nc\u00fcl\u00fck yapmakta,<\/span><\/li><li><span>Sanayici ve i\u015f adamlar\u0131na uygun fiyatla ve uygun krediyle arsa sa\u011flamakta,<\/span><\/li><li><span>B\u00f6lgede yer alan sanayici ve i\u015f adamlar\u0131na, vizyonlar\u0131n\u0131 ger\u00e7ekle\u015ftirmede yard\u0131mc\u0131 olmakta,<\/span><\/li><li><span>Sanayici ve i\u015f adamlar\u0131n\u0131n ihtiya\u00e7 duydu\u011fu fabrika, depo ve i\u015f merkezleri in\u015fa etmekte,<\/span><\/li><li><span>B\u00f6lgedeki firmalara kaliteli ve uygun maliyetli mal ve \u00fcr\u00fcn temin etmekte,<\/span><\/li><li><span>Sanayi b\u00f6lgesinin bak\u0131m\u0131, temizli\u011fi ve g\u00fcvenli\u011fi ile ilgili her t\u00fcrl\u00fc faaliyeti y\u00fcr\u00fctmekte,<\/span><\/li><li><span>\u0130mar planlama, kentsel tasar\u0131m \u00e7al\u0131\u015fmalar\u0131, altyap\u0131 ve \u00e7evre d\u00fczenleme projeleri geli\u015ftirmekte,<\/span><\/li><li><span>Her t\u00fcr yap\u0131n\u0131n mimari, statik, mekanik, elektrik proje ve detaylar\u0131n\u0131 haz\u0131rlamakta,<\/span><\/li><li><span>Uygulama dan\u0131\u015fmanl\u0131\u011f\u0131, mesleki kontrol\u00f6rl\u00fck, teknik dan\u0131\u015fmanl\u0131k konular\u0131nda hizmet vermektedir.<\/span><\/li><\/ul><p><span>\u00a0<\/span><\/p><p><span>\u0130n\u015faat sekt\u00f6r\u00fcnde de faaliyet g\u00f6steren<strong>\u00a0Nazmi Akp\u0131nar Hizmet ve \u0130n\u015faat<\/strong>; proje ve genel m\u00fcteahhitlik firmalar\u0131 aras\u0131nda, \u00f6zellikle anahtar teslimi yap\u0131lar\u0131n ve projelerin m\u00fcteahhidi olarak ayr\u0131 bir konuma sahiptir. \u0130n\u015fa etti\u011fi yap\u0131lar\u0131n t\u00fcm detaylar\u0131nda y\u00fcksek kalite standartlar\u0131n\u0131 s\u00fcrd\u00fcrebilmek i\u00e7in, yap\u0131 elemanlar\u0131n\u0131n g\u00fcvenilirli\u011fi ve kalitesine \u00f6zenle yakla\u015f\u0131p, bu g\u00fcveni ve kaliteyi de topluluk \u015firketleri b\u00fcnyesindeki \u00fcretimleri ile sa\u011fl\u0131yor.<\/span><\/p><p><span>\u00a0<\/span><\/p><p><span>Taahh\u00fct edilen t\u00fcm projeler uzman kadro taraf\u0131ndan analiz edilmekte ve en verimli yap\u0131m metodu se\u00e7ilmektedir. Tasar\u0131m ve uygulaman\u0131n ayn\u0131 merkezden koordine edilmesi; taahh\u00fct edilen projelerin bitirilmesini veya uygulama safhas\u0131nda ortaya \u00e7\u0131kan problemlerin m\u00fcmk\u00fcn olan en k\u0131sa zamanda \u00e7\u00f6z\u00fclmesini sa\u011flamaktad\u0131r.<\/span><\/p><p><span>\u00a0<\/span><\/p><p><span>Grubumuz, ya\u015fam kalitesini art\u0131rmaya y\u00f6nelik \u00e7al\u0131\u015fmalar\u0131na yeni bir boyut kazand\u0131rarak sa\u011fl\u0131k sekt\u00f6r\u00fcne de girdi. Bu kapsamda b\u00fcnyesine Akp\u0131nar Medical\u2019i katarak insan\u0131m\u0131z\u0131n ya\u015fam kalitesini art\u0131rmak i\u00e7in modern bir sa\u011fl\u0131k merkezinin yap\u0131m\u0131 i\u00e7in haz\u0131rl\u0131klara ba\u015flad\u0131. Yap\u0131m\u0131 tamamland\u0131\u011f\u0131nda d\u00fcnya standartlar\u0131nda sa\u011fl\u0131k hizmeti sunacak hastanesi ile toplumun kendisine kazand\u0131rd\u0131klar\u0131n\u0131 tekrar toplumla payla\u015facakt\u0131r.<\/span><\/p>\t\t\t\t\t\t<\/div>\n\t\t\t\t<\/div>\n\t\t\t\t\t<\/div>\n\t\t\t\t<\/div>\n\t\t\t\t<\/div>\n\t\t","protected":false},"excerpt":{"rendered":"<p>Nazmi Akp\u0131nar Hizmet ve \u0130n\u015faat,\u00a0ger\u00e7ekle\u015ftirdi\u011fi ya\u015fam \u00e7evrelerinde, \u00e7evre kalitesinin korunmas\u0131n\u0131 ve geli\u015ftirilmesini \u00f6nemsiyor. Grubun\u00a0kurdu\u011fu t\u00fcm yerle\u015fimlerin, bina ve sitelerin kentsel ihtiya\u00e7lar\u0131n\u0131 kar\u015f\u0131lamak i\u00e7in kurulmu\u015ftur. Nazmi Akp\u0131nar Hizmet ve \u0130n\u015faat, bir kentin t\u00fcm alanlarda ihtiya\u00e7 duydu\u011fu hizmetleri kar\u015f\u0131lamak amac\u0131yla kurulmu\u015f, altyap\u0131dan temizlik ve sa\u011fl\u0131k hizmetine, sosyal ya\u015fam alanlar\u0131 olu\u015fturmadan ya\u015fam ihtiya\u00e7lar\u0131n\u0131 [&hellip;]<\/p>\n","protected":false},"author":1,"featured_media":0,"parent":0,"menu_order":0,"comment_status":"closed","ping_status":"closed","template":"","meta":{"footnotes":""},"class_list":["post-1908","page","type-page","status-publish","hentry"],"_links":{"self":[{"href":"https:\/\/nazmiakpinarhizmet.com.tr\/index.php?rest_route=\/wp\/v2\/pages\/1908","targetHints":{"allow":["GET"]}}],"collection":[{"href":"https:\/\/nazmiakpinarhizmet.com.tr\/index.php?rest_route=\/wp\/v2\/pages"}],"about":[{"href":"https:\/\/nazmiakpinarhizmet.com.tr\/index.php?rest_route=\/wp\/v2\/types\/page"}],"author":[{"embeddable":true,"href":"https:\/\/nazmiakpinarhizmet.com.tr\/index.php?rest_route=\/wp\/v2\/users\/1"}],"replies":[{"embeddable":true,"href":"https:\/\/nazmiakpinarhizmet.com.tr\/index.php?rest_route=%2Fwp%2Fv2%2Fcomments&post=1908"}],"version-history":[{"count":19,"href":"https:\/\/nazmiakpinarhizmet.com.tr\/index.php?rest_route=\/wp\/v2\/pages\/1908\/revisions"}],"predecessor-version":[{"id":1929,"href":"https:\/\/nazmiakpinarhizmet.com.tr\/index.php?rest_route=\/wp\/v2\/pages\/1908\/revisions\/1929"}],"wp:attachment":[{"href":"https:\/\/nazmiakpinarhizmet.com.tr\/index.php?rest_route=%2Fwp%2Fv2%2Fmedia&parent=1908"}],"curies":[{"name":"wp","href":"https:\/\/api.w.org\/{rel}","templated":true}]}}